{"id":78,"date":"2024-06-20T15:37:52","date_gmt":"2024-06-20T15:37:52","guid":{"rendered":"https:\/\/vitrine.my-better-job.fr\/?page_id=78"},"modified":"2024-07-02T09:23:25","modified_gmt":"2024-07-02T09:23:25","slug":"notre-histoire","status":"publish","type":"page","link":"https:\/\/vitrine.my-better-job.fr\/index.php\/notre-histoire\/","title":{"rendered":"NOTRE HISTOIRE"},"content":{"rendered":"<div id='av-layout-grid-1'  class='av-layout-grid-container av-5278q-9f4da54853bde57085bb15d2fb9127a0 entry-content-wrapper main_color av-flex-cells  avia-builder-el-0  el_before_av_layout_row  avia-builder-el-first  degrade av-cell-min-height av-cell-min-height-85  container_wrap fullsize'   data-av_minimum_height_pc='85'>\n\n<style type=\"text\/css\" data-created_by=\"avia_inline_auto\" id=\"style-css-av-4bile-83026e8dc1e6bf5c0755a75b4f7d4891\">\n.flex_cell.av-4bile-83026e8dc1e6bf5c0755a75b4f7d4891{\nvertical-align:middle;\n}\n.responsive #top #wrap_all .flex_cell.av-4bile-83026e8dc1e6bf5c0755a75b4f7d4891{\npadding:0px 0px 0px 0px !important;\n}\n<\/style>\n<div class='flex_cell av-4bile-83026e8dc1e6bf5c0755a75b4f7d4891 av-gridrow-cell av_one_half no_margin  avia-builder-el-1  el_before_av_cell_one_half  avia-builder-el-first  av-zero-padding'  ><div class='flex_cell_inner'><div class='flex_column_table av-3wzzi-cbde162e6036577e0426bedd27af77b9 sc-av_one_full av-equal-height-column-flextable'>\n<style type=\"text\/css\" data-created_by=\"avia_inline_auto\" id=\"style-css-av-3wzzi-cbde162e6036577e0426bedd27af77b9\">\n.flex_column.av-3wzzi-cbde162e6036577e0426bedd27af77b9{\npadding:30px 30px 30px 30px;\n}\n.flex_column.av-3wzzi-cbde162e6036577e0426bedd27af77b9 .avia-curtain-reveal-overlay{\nbackground:#f8f8f8;\nz-index:1;\n}\n<\/style>\n<div  class='flex_column av-3wzzi-cbde162e6036577e0426bedd27af77b9 av_one_full  avia-builder-el-2  avia-builder-el-no-sibling  first no_margin flex_column_table_cell av-equal-height-column av-align-middle av-parallax-object av-column-min-height-pc  ' data-parallax=\"{&quot;parallax&quot;:&quot;bottom_top&quot;,&quot;parallax_speed&quot;:&quot;&quot;,&quot;av-desktop-parallax&quot;:&quot;inherit&quot;,&quot;av-desktop-parallax_speed&quot;:&quot;inherit&quot;,&quot;av-medium-parallax&quot;:&quot;inherit&quot;,&quot;av-medium-parallax_speed&quot;:&quot;inherit&quot;,&quot;av-small-parallax&quot;:&quot;inherit&quot;,&quot;av-small-parallax_speed&quot;:&quot;inherit&quot;,&quot;av-mini-parallax&quot;:&quot;inherit&quot;,&quot;av-mini-parallax_speed&quot;:&quot;inherit&quot;,&quot;parallax-container&quot;:&quot;.av-3wzzi-cbde162e6036577e0426bedd27af77b9&quot;}\" data-av-column-min-height=\"{&quot;column-min-pc&quot;:&quot;100%&quot;,&quot;column-equal-height&quot;:true}\"   ><div class='avia-curtain-reveal-overlay av-animated-when-visible-95 animate-all-devices curtain-reveal-ttb'><\/div><p>\n<style type=\"text\/css\" data-created_by=\"avia_inline_auto\" id=\"style-css-av-ly47bice-3c4eac34e6c9c11becabece257b98117\">\n#top .hr.hr-invisible.av-ly47bice-3c4eac34e6c9c11becabece257b98117{\nheight:50px;\n}\n<\/style>\n<div  class='hr av-ly47bice-3c4eac34e6c9c11becabece257b98117 hr-invisible  avia-builder-el-3  el_before_av_image  avia-builder-el-first '><span class='hr-inner '><span class=\"hr-inner-style\"><\/span><\/span><\/div><br \/>\n\n<style type=\"text\/css\" data-created_by=\"avia_inline_auto\" id=\"style-css-av-32a9y-ea6e5f3e704d70042371699afdf01d4b\">\n.avia-image-container.av-32a9y-ea6e5f3e704d70042371699afdf01d4b img.avia_image{\nbox-shadow:none;\n}\n.avia-image-container.av-32a9y-ea6e5f3e704d70042371699afdf01d4b .av-image-caption-overlay-center{\ncolor:#ffffff;\n}\n<\/style>\n<div  class='avia-image-container av-32a9y-ea6e5f3e704d70042371699afdf01d4b av-styling- avia_animated_image av-animated-when-visible-95 fade-in avia-align-center  avia-builder-el-4  el_after_av_hr  el_before_av_button  av-parallax-object' data-parallax=\"{&quot;parallax&quot;:&quot;right_left&quot;,&quot;parallax_speed&quot;:&quot;&quot;,&quot;av-desktop-parallax&quot;:&quot;inherit&quot;,&quot;av-desktop-parallax_speed&quot;:&quot;inherit&quot;,&quot;av-medium-parallax&quot;:&quot;inherit&quot;,&quot;av-medium-parallax_speed&quot;:&quot;inherit&quot;,&quot;av-small-parallax&quot;:&quot;inherit&quot;,&quot;av-small-parallax_speed&quot;:&quot;inherit&quot;,&quot;av-mini-parallax&quot;:&quot;inherit&quot;,&quot;av-mini-parallax_speed&quot;:&quot;inherit&quot;,&quot;parallax-container&quot;:&quot;.av-32a9y-ea6e5f3e704d70042371699afdf01d4b&quot;,&quot;parallax-selector&quot;:&quot;.avia-image-container-inner&quot;}\"  itemprop=\"image\" itemscope=\"itemscope\" itemtype=\"https:\/\/schema.org\/ImageObject\" ><div class=\"avia-image-container-inner\"><div class=\"avia-image-overlay-wrap\"><img decoding=\"async\" class='wp-image-307 avia-img-lazy-loading-not-307 avia_image ' src=\"https:\/\/vitrine.my-better-job.fr\/wp-content\/uploads\/2024\/07\/la-phi.svg\" alt='' title='la-phi'  height=\"1030\" width=\"1030\"  itemprop=\"thumbnailUrl\"  \/><\/div><\/div><\/div><br \/>\n<div  class='avia-button-wrap av-2xrba-e4f5354f9bae02f5ced3f4f4277a6dc3-wrap avia-button-center  avia-builder-el-5  el_after_av_image  avia-builder-el-last '>\n<style type=\"text\/css\" data-created_by=\"avia_inline_auto\" id=\"style-css-av-2xrba-e4f5354f9bae02f5ced3f4f4277a6dc3\">\n#top #wrap_all .avia-button.av-2xrba-e4f5354f9bae02f5ced3f4f4277a6dc3{\nbackground-color:#26274e;\nborder-color:#26274e;\ntransition:all 0.4s ease-in-out;\n}\n#top #wrap_all .avia-button.av-2xrba-e4f5354f9bae02f5ced3f4f4277a6dc3:hover{\ncolor:white;\ntransition:all 0.4s ease-in-out;\n}\n<\/style>\n<a href='#contact' class='avia-button av-2xrba-e4f5354f9bae02f5ced3f4f4277a6dc3 avia-icon_select-no avia-size-x-large avia-position-center avia-font-color-theme-color' target=\"_blank\" rel=\"noopener noreferrer\"><span class='avia_iconbox_title' >Tester gratuitement <\/span><span class='avia_button_background avia-button avia-color-theme-color-highlight' ><\/span><\/a><\/div><\/p><\/div><\/div><!--close column table wrapper. Autoclose: 1 -->\n<\/div><\/div>\n<style type=\"text\/css\" data-created_by=\"avia_inline_auto\" id=\"style-css-av-2crlq-a48073577b26c5a2ec7da4bd3aac4f91\">\n.flex_cell.av-2crlq-a48073577b26c5a2ec7da4bd3aac4f91{\nvertical-align:middle;\n}\n.responsive #top #wrap_all .flex_cell.av-2crlq-a48073577b26c5a2ec7da4bd3aac4f91{\npadding:0px 0px 0px 0px !important;\n}\n<\/style>\n<div class='flex_cell av-2crlq-a48073577b26c5a2ec7da4bd3aac4f91 av-gridrow-cell av_one_half no_margin  avia-builder-el-6  el_after_av_cell_one_half  avia-builder-el-last  av-zero-padding'  ><div class='flex_cell_inner'><div class='flex_column_table av-1fvqa-73720c8b7d81259ede1df0fb8831d3f3 sc-av_one_full av-equal-height-column-flextable'>\n<style type=\"text\/css\" data-created_by=\"avia_inline_auto\" id=\"style-css-av-1fvqa-73720c8b7d81259ede1df0fb8831d3f3\">\n.flex_column.av-1fvqa-73720c8b7d81259ede1df0fb8831d3f3{\npadding:30px 30px 30px 30px;\n}\n.flex_column.av-1fvqa-73720c8b7d81259ede1df0fb8831d3f3 .avia-curtain-reveal-overlay{\nbackground:#ffffff;\nz-index:1;\n}\n<\/style>\n<div  class='flex_column av-1fvqa-73720c8b7d81259ede1df0fb8831d3f3 av_one_full  avia-builder-el-7  avia-builder-el-no-sibling  first flex_column_table_cell av-equal-height-column av-align-middle av-hide-on-mobile av-column-min-height-pc avia-full-stretch  '  data-av-column-min-height=\"{&quot;column-min-pc&quot;:&quot;100%&quot;,&quot;column-equal-height&quot;:true}\"   ><div class='avia-curtain-reveal-overlay av-animated-when-visible-95 animate-all-devices curtain-reveal-btt'><\/div><style type=\"text\/css\" data-created_by=\"avia_inline_auto\" id=\"style-css-av-145ia-83853f322b87a7e3735a67ad554544f8\">\n#top .av_textblock_section.av-145ia-83853f322b87a7e3735a67ad554544f8 .avia_textblock{\nfont-size:15px;\ncolor:#ffffff;\n}\n<\/style>\n<section  class='av_textblock_section av-145ia-83853f322b87a7e3735a67ad554544f8 '   itemscope=\"itemscope\" itemtype=\"https:\/\/schema.org\/CreativeWork\" ><div class='avia_textblock av_inherit_color'  itemprop=\"text\" ><p style=\"text-align: left;\"><strong>MBJ<\/strong> est l\u2019entreprise qui \u00e9dite et d\u00e9veloppe<strong> My-Better-Job<\/strong>. Elle a \u00e9t\u00e9 fond\u00e9e en 2017 par <a href=\"https:\/\/www.linkedin.com\/in\/olivier-verhaeghe-433739\/\">Olivier Verhaeghe.<\/a><\/p>\n<p style=\"text-align: left;\">Elle associe des comp\u00e9tences en \u00e9conomie territoriale, gestion des comp\u00e9tences, analyse du march\u00e9 du travail et bien s\u00fbr en d\u00e9veloppement et intelligence artificielle.<\/p>\n<p style=\"text-align: left;\">MBJ m\u00e8ne \u00e9galement de nombreuses missions <strong>de conseil aupr\u00e8s des entreprises<\/strong> (gestion des comp\u00e9tences), <strong>des branches professionnelles<\/strong> (prospective m\u00e9tier) et <strong>des collectivit\u00e9s locales<\/strong> (GPEC territoriale).<\/p>\n<p style=\"text-align: left;\">La pr\u00e9sentation de ses r\u00e9f\u00e9rences \u00e0 jour est disponible sur sa page <a href=\"https:\/\/www.linkedin.com\/company\/mbj-d%C3%A9veloppement\/?viewAsMember=true\">LinkedIn<\/a><\/p>\n<\/div><\/section><\/div><\/div><!--close column table wrapper. Autoclose: 1 -->\n<\/div><\/div><\/div><div id='contact'  class='av-layout-grid-container av-94g7m-4a224b37170ce4d7f1eac7eb5f69e3c8 entry-content-wrapper main_color av-flex-cells av-break-at-tablet  avia-builder-el-9  el_after_av_layout_row  avia-builder-el-last  grid-row-not-first  container_wrap fullsize'  >\n\n<style type=\"text\/css\" data-created_by=\"avia_inline_auto\" id=\"style-css-av-8pnhu-1133412153037e73cda524e51c2e98f2\">\n.flex_cell.av-8pnhu-1133412153037e73cda524e51c2e98f2{\nvertical-align:middle;\n}\n.responsive #top #wrap_all .flex_cell.av-8pnhu-1133412153037e73cda524e51c2e98f2{\npadding:120px 120px 120px 120px !important;\n}\n<\/style>\n<div class='flex_cell av-8pnhu-1133412153037e73cda524e51c2e98f2 av-gridrow-cell av_one_third no_margin av-hide-on-mobile  avia-builder-el-10  el_before_av_cell_two_third  avia-builder-el-first  avia-full-stretch'  ><div class='flex_cell_inner'>\n<style type=\"text\/css\" data-created_by=\"avia_inline_auto\" id=\"style-css-av-7uz92-d1f3b97c6f1e526c8914094bae925dba\">\n#top .av_textblock_section.av-7uz92-d1f3b97c6f1e526c8914094bae925dba .avia_textblock{\ncolor:#26274e;\n}\n<\/style>\n<section  class='av_textblock_section av-7uz92-d1f3b97c6f1e526c8914094bae925dba '   itemscope=\"itemscope\" itemtype=\"https:\/\/schema.org\/CreativeWork\" ><div class='avia_textblock av_inherit_color'  itemprop=\"text\" ><h1 class=\"heading-self-serve pop--700 text-color-white\" style=\"text-align: center;\">Vous avez un projet ?<\/h1>\n<\/div><\/section>\n<\/div><\/div>\n<style type=\"text\/css\" data-created_by=\"avia_inline_auto\" id=\"style-css-av-78kje-4edd52ad6fa8b0b2c2ec68719047081b\">\n.flex_cell.av-78kje-4edd52ad6fa8b0b2c2ec68719047081b{\nvertical-align:middle;\nbackground-color:#26274e;\n}\n.responsive #top #wrap_all .flex_cell.av-78kje-4edd52ad6fa8b0b2c2ec68719047081b{\npadding:100px 0 100px 0 !important;\n}\n<\/style>\n<div class='flex_cell av-78kje-4edd52ad6fa8b0b2c2ec68719047081b av-gridrow-cell av_two_third no_margin  avia-builder-el-12  el_after_av_cell_one_third  avia-builder-el-last  avia-full-contain'  ><div class='flex_cell_inner'><p><div  class='flex_column av-73re2-1648f17c557227c895a1eb8b9389af96 av_one_fifth  avia-builder-el-13  el_before_av_three_fifth  avia-builder-el-first  first flex_column_div  '     ><\/div><div  class='flex_column av-62wm6-99b27cec0cc1d1d45890b7bbacc510b8 av_three_fifth  avia-builder-el-14  el_after_av_one_fifth  el_before_av_one_fifth  flex_column_div  '     ><form action=\"https:\/\/vitrine.my-better-job.fr\/index.php\/notre-histoire\/\" method=\"post\" data-fields-with-error=\"Erreurs trouv\u00e9es dans les champs suivants :\" class=\"avia_ajax_form av-form-labels-visible   avia-builder-el-15  avia-builder-el-no-sibling  av-custom-form-color av-light-form \" data-avia-form-id=\"1\" data-avia-redirect='' ><fieldset><h3 id='element_avia_1_1' class=' first_form  form_element form_fullwidth av-form-headline '><\/h3><p class='  first_form  form_element form_fullwidth' id='element_avia_2_1'><label for=\"avia_2_1\">Vous \u00eates  <abbr class=\"required\" title=\"requis(e)\">*<\/abbr><\/label><select  name=\"avia_2_1\" class=\"select is_empty\" id=\"avia_2_1\"><option   value='DRH'>DRH<\/option><option   value='DIRIGEANT(E) D\u2019ENTREPRISE'>DIRIGEANT(E) D\u2019ENTREPRISE<\/option><option   value='UN R\u00c9SEAU D\u2019ENTREPRISE'>UN R\u00c9SEAU D\u2019ENTREPRISE<\/option><option   value='UN ORGANISME DE FORMATION'>UN ORGANISME DE FORMATION<\/option><option   value='PARTICULIER'>PARTICULIER<\/option><\/select><\/p><p class='  first_form  form_element form_element_half' id='element_avia_3_1'><label for=\"avia_3_1\">Votre nom <abbr class=\"required\" title=\"requis(e)\">*<\/abbr><\/label> <input name=\"avia_3_1\" class=\"text_input is_empty\" type=\"text\" id=\"avia_3_1\" value=\"\" \/><\/p><p class='  form_element form_element_half' id='element_avia_4_1'><label for=\"avia_4_1\">Nom de votre organisme  <abbr class=\"required\" title=\"requis(e)\">*<\/abbr><\/label> <input name=\"avia_4_1\" class=\"text_input is_empty\" type=\"text\" id=\"avia_4_1\" value=\"\" \/><\/p><p class='  first_form  form_element form_element_half' id='element_avia_5_1'><label for=\"avia_5_1\">E-Mail <abbr class=\"required\" title=\"requis(e)\">*<\/abbr><\/label> <input name=\"avia_5_1\" class=\"text_input is_email\" type=\"text\" id=\"avia_5_1\" value=\"\" \/><\/p><p class='  form_element form_element_half' id='element_avia_6_1'><label for=\"avia_6_1\">T\u00e9l\u00e9phone <abbr class=\"required\" title=\"requis(e)\">*<\/abbr><\/label> <input name=\"avia_6_1\" class=\"text_input is_empty\" type=\"text\" id=\"avia_6_1\" value=\"\" \/><\/p><p class='  first_form  form_element form_fullwidth av-last-visible-form-element' id='element_avia_7_1'><label for=\"avia_7_1\" class=\"textare_label hidden textare_label_avia_7_1\">Parlez-nous de votre projet  <abbr class=\"required\" title=\"requis(e)\">*<\/abbr><\/label><textarea  name=\"avia_7_1\" class=\"text_area is_empty\" cols=\"40\" rows=\"7\" id=\"avia_7_1\" ><\/textarea><\/p><p class=\"hidden\"><input type=\"text\" name=\"avia_8_1\" class=\"hidden \" id=\"avia_8_1\" value=\"\" \/><\/p><p class=\"form_element \"><input type=\"hidden\" value=\"1\" name=\"avia_generated_form1\" \/><input type=\"submit\" value=\"Envoyer\" class=\"button\"  data-sending-label=\"Envoi\"\/><\/p><\/fieldset><\/form><div id=\"ajaxresponse_1\" class=\"ajaxresponse ajaxresponse_1 hidden\"><\/div><\/div><div  class='flex_column av-vf8e-d365cbbfa644388c6707c6efdb25406b av_one_fifth  avia-builder-el-16  el_after_av_three_fifth  avia-builder-el-last  flex_column_div  '     ><\/div><\/p>\n<\/div><\/div>\n<\/div><\/p>\n","protected":false},"excerpt":{"rendered":"","protected":false},"author":1,"featured_media":0,"parent":0,"menu_order":0,"comment_status":"closed","ping_status":"closed","template":"","meta":{"inline_featured_image":false,"footnotes":""},"class_list":["post-78","page","type-page","status-publish","hentry"],"_links":{"self":[{"href":"https:\/\/vitrine.my-better-job.fr\/index.php\/wp-json\/wp\/v2\/pages\/78","targetHints":{"allow":["GET"]}}],"collection":[{"href":"https:\/\/vitrine.my-better-job.fr\/index.php\/wp-json\/wp\/v2\/pages"}],"about":[{"href":"https:\/\/vitrine.my-better-job.fr\/index.php\/wp-json\/wp\/v2\/types\/page"}],"author":[{"embeddable":true,"href":"https:\/\/vitrine.my-better-job.fr\/index.php\/wp-json\/wp\/v2\/users\/1"}],"replies":[{"embeddable":true,"href":"https:\/\/vitrine.my-better-job.fr\/index.php\/wp-json\/wp\/v2\/comments?post=78"}],"version-history":[{"count":7,"href":"https:\/\/vitrine.my-better-job.fr\/index.php\/wp-json\/wp\/v2\/pages\/78\/revisions"}],"predecessor-version":[{"id":368,"href":"https:\/\/vitrine.my-better-job.fr\/index.php\/wp-json\/wp\/v2\/pages\/78\/revisions\/368"}],"wp:attachment":[{"href":"https:\/\/vitrine.my-better-job.fr\/index.php\/wp-json\/wp\/v2\/media?parent=78"}],"curies":[{"name":"wp","href":"https:\/\/api.w.org\/{rel}","templated":true}]}}