{"id":79,"date":"2024-06-20T15:38:22","date_gmt":"2024-06-20T15:38:22","guid":{"rendered":"https:\/\/vitrine.my-better-job.fr\/?page_id=79"},"modified":"2024-07-03T09:04:40","modified_gmt":"2024-07-03T09:04:40","slug":"veille-et-analyses","status":"publish","type":"page","link":"https:\/\/vitrine.my-better-job.fr\/index.php\/veille-et-analyses\/","title":{"rendered":"VEILLE ET ANALYSES"},"content":{"rendered":"<div id='av_section_1'  class='avia-section av-ly45y33d-5fe527cdccc6652d2f3624b09e4e4c8b main_color avia-section-default avia-no-border-styling  avia-builder-el-0  el_before_av_blog  avia-builder-el-first  degrade avia-bg-style-scroll container_wrap fullsize'  ><div class='container av-section-cont-open' ><main  role=\"main\" itemprop=\"mainContentOfPage\"  class='template-page content  av-content-full alpha units'><div class='post-entry post-entry-type-page post-entry-79'><div class='entry-content-wrapper clearfix'><\/div><\/div><\/main><!-- close content main element --><\/div><\/div><div id='after_section_1'  class='main_color av_default_container_wrap container_wrap fullsize'  ><div class='container av-section-cont-open' ><div class='template-page content  av-content-full alpha units'><div class='post-entry post-entry-type-page post-entry-79'><div class='entry-content-wrapper clearfix'>\n<div  data-slideshow-options=\"{&quot;animation&quot;:&quot;fade&quot;,&quot;autoplay&quot;:false,&quot;loop_autoplay&quot;:&quot;once&quot;,&quot;interval&quot;:5,&quot;loop_manual&quot;:&quot;manual-endless&quot;,&quot;autoplay_stopper&quot;:false,&quot;noNavigation&quot;:false,&quot;show_slide_delay&quot;:90}\" class='avia-content-slider avia-content-grid-active avia-content-slider1 avia-content-slider-odd  avia-builder-el-1  el_after_av_section  avia-builder-el-no-sibling  av-slideshow-ui av-control-default   av-no-slider-navigation av-slideshow-manual av-loop-once av-loop-manual-endless '  itemscope=\"itemscope\" itemtype=\"https:\/\/schema.org\/Blog\" ><div class=\"avia-content-slider-inner\"><div class=\"slide-entry-wrap\"><article class='slide-entry flex_column  post-entry post-entry-304 slide-entry-overview slide-loop-1 slide-parity-odd  av_one_third first real-thumbnail posttype-post post-format-standard'  itemscope=\"itemscope\" itemtype=\"https:\/\/schema.org\/CreativeWork\" ><a href='https:\/\/vitrine.my-better-job.fr\/index.php\/2024\/07\/02\/304\/' data-rel='slide-1' class='slide-image' title='Remettre la comp\u00e9tence au coeur de la performance de l\u2019entreprise'><img decoding=\"async\" width=\"495\" height=\"400\" src=\"https:\/\/vitrine.my-better-job.fr\/wp-content\/uploads\/2024\/07\/Remettre-la-competence-au-coeur-de-la-performance-de-lentreprise-495x400.jpg\" class=\"wp-image-395 avia-img-lazy-loading-not-395 attachment-portfolio size-portfolio wp-post-image\" alt=\"\" srcset=\"https:\/\/vitrine.my-better-job.fr\/wp-content\/uploads\/2024\/07\/Remettre-la-competence-au-coeur-de-la-performance-de-lentreprise-495x400.jpg 495w, https:\/\/vitrine.my-better-job.fr\/wp-content\/uploads\/2024\/07\/Remettre-la-competence-au-coeur-de-la-performance-de-lentreprise-845x684.jpg 845w\" sizes=\"(max-width: 495px) 100vw, 495px\" \/><\/a><div class=\"slide-content\"><header class=\"entry-content-header\"><h3 class='slide-entry-title entry-title '  itemprop=\"headline\" ><a href='https:\/\/vitrine.my-better-job.fr\/index.php\/2024\/07\/02\/304\/' title='Remettre la comp\u00e9tence au coeur de la performance de l\u2019entreprise'>Remettre la comp\u00e9tence au coeur de la performance de l\u2019entreprise<\/a><\/h3><span class=\"av-vertical-delimiter\"><\/span><\/header><div class=\"slide-meta\"><time class='slide-meta-time updated'  itemprop=\"datePublished\" datetime=\"2024-07-02T08:06:33+00:00\" >juillet 2, 2024<\/time><div class=\"slide-meta-del\">\/<\/div><div class=\"slide-meta-comments\"><a href='https:\/\/vitrine.my-better-job.fr\/index.php\/2024\/07\/02\/304\/#respond'>0 Commentaires<\/a><\/div><\/div><div class='slide-entry-excerpt entry-content'  itemprop=\"text\" >\n\n\n\n<div class=\"read-more-link\"><a href=\"https:\/\/vitrine.my-better-job.fr\/index.php\/2024\/07\/02\/304\/\" class=\"more-link\">Lire la suite<span class=\"more-link-arrow\"><\/span><\/a><\/div><\/div><\/div><footer class=\"entry-footer\"><\/footer><span class='hidden'>\n\t\t\t\t<span class='av-structured-data'  itemprop=\"image\" itemscope=\"itemscope\" itemtype=\"https:\/\/schema.org\/ImageObject\" >\n\t\t\t\t\t\t<span itemprop='url'>https:\/\/vitrine.my-better-job.fr\/wp-content\/uploads\/2024\/07\/Remettre-la-competence-au-coeur-de-la-performance-de-lentreprise.jpg<\/span>\n\t\t\t\t\t\t<span itemprop='height'>1008<\/span>\n\t\t\t\t\t\t<span itemprop='width'>1884<\/span>\n\t\t\t\t<\/span>\n\t\t\t\t<span class='av-structured-data'  itemprop=\"publisher\" itemtype=\"https:\/\/schema.org\/Organization\" itemscope=\"itemscope\" >\n\t\t\t\t\t\t<span itemprop='name'>admin<\/span>\n\t\t\t\t\t\t<span itemprop='logo' itemscope itemtype='https:\/\/schema.org\/ImageObject'>\n\t\t\t\t\t\t\t<span itemprop='url'>https:\/\/vitrine.my-better-job.fr\/wp-content\/uploads\/2024\/07\/logo-MBJ.svg<\/span>\n\t\t\t\t\t\t<\/span>\n\t\t\t\t<\/span><span class='av-structured-data'  itemprop=\"author\" itemscope=\"itemscope\" itemtype=\"https:\/\/schema.org\/Person\" ><span itemprop='name'>admin<\/span><\/span><span class='av-structured-data'  itemprop=\"datePublished\" datetime=\"2024-06-20T15:38:22+00:00\" >2024-07-02 08:06:33<\/span><span class='av-structured-data'  itemprop=\"dateModified\" itemtype=\"https:\/\/schema.org\/dateModified\" >2024-07-03 09:02:08<\/span><span class='av-structured-data'  itemprop=\"mainEntityOfPage\" itemtype=\"https:\/\/schema.org\/mainEntityOfPage\" ><span itemprop='name'>Remettre la comp\u00e9tence au coeur de la performance de l\u2019entreprise<\/span><\/span><\/span><\/article><article class='slide-entry flex_column  post-entry post-entry-301 slide-entry-overview slide-loop-2 slide-parity-even  av_one_third  real-thumbnail posttype-post post-format-standard'  itemscope=\"itemscope\" itemtype=\"https:\/\/schema.org\/CreativeWork\" ><a href='https:\/\/vitrine.my-better-job.fr\/index.php\/2024\/07\/02\/comment-my-better-job-revolutionne-le-recrutement-en-entreprise\/' data-rel='slide-1' class='slide-image' title='Comment My-Better-Job r\u00e9volutionne le recrutement en entreprise ?'><img decoding=\"async\" width=\"495\" height=\"400\" src=\"https:\/\/vitrine.my-better-job.fr\/wp-content\/uploads\/2024\/07\/My-Better-Job-et-le-recrutement-495x400.jpg\" class=\"wp-image-396 avia-img-lazy-loading-not-396 attachment-portfolio size-portfolio wp-post-image\" alt=\"\" srcset=\"https:\/\/vitrine.my-better-job.fr\/wp-content\/uploads\/2024\/07\/My-Better-Job-et-le-recrutement-495x400.jpg 495w, https:\/\/vitrine.my-better-job.fr\/wp-content\/uploads\/2024\/07\/My-Better-Job-et-le-recrutement-845x684.jpg 845w\" sizes=\"(max-width: 495px) 100vw, 495px\" \/><\/a><div class=\"slide-content\"><header class=\"entry-content-header\"><h3 class='slide-entry-title entry-title '  itemprop=\"headline\" ><a href='https:\/\/vitrine.my-better-job.fr\/index.php\/2024\/07\/02\/comment-my-better-job-revolutionne-le-recrutement-en-entreprise\/' title='Comment My-Better-Job r\u00e9volutionne le recrutement en entreprise ?'>Comment My-Better-Job r\u00e9volutionne le recrutement en entreprise ?<\/a><\/h3><span class=\"av-vertical-delimiter\"><\/span><\/header><div class=\"slide-meta\"><time class='slide-meta-time updated'  itemprop=\"datePublished\" datetime=\"2024-07-02T08:01:48+00:00\" >juillet 2, 2024<\/time><div class=\"slide-meta-del\">\/<\/div><div class=\"slide-meta-comments\"><a href='https:\/\/vitrine.my-better-job.fr\/index.php\/2024\/07\/02\/comment-my-better-job-revolutionne-le-recrutement-en-entreprise\/#respond'>0 Commentaires<\/a><\/div><\/div><div class='slide-entry-excerpt entry-content'  itemprop=\"text\" >\n\n\n\n\n\n<div class=\"read-more-link\"><a href=\"https:\/\/vitrine.my-better-job.fr\/index.php\/2024\/07\/02\/comment-my-better-job-revolutionne-le-recrutement-en-entreprise\/\" class=\"more-link\">Lire la suite<span class=\"more-link-arrow\"><\/span><\/a><\/div><\/div><\/div><footer class=\"entry-footer\"><\/footer><span class='hidden'>\n\t\t\t\t<span class='av-structured-data'  itemprop=\"image\" itemscope=\"itemscope\" itemtype=\"https:\/\/schema.org\/ImageObject\" >\n\t\t\t\t\t\t<span itemprop='url'>https:\/\/vitrine.my-better-job.fr\/wp-content\/uploads\/2024\/07\/My-Better-Job-et-le-recrutement.jpg<\/span>\n\t\t\t\t\t\t<span itemprop='height'>1008<\/span>\n\t\t\t\t\t\t<span itemprop='width'>1884<\/span>\n\t\t\t\t<\/span>\n\t\t\t\t<span class='av-structured-data'  itemprop=\"publisher\" itemtype=\"https:\/\/schema.org\/Organization\" itemscope=\"itemscope\" >\n\t\t\t\t\t\t<span itemprop='name'>admin<\/span>\n\t\t\t\t\t\t<span itemprop='logo' itemscope itemtype='https:\/\/schema.org\/ImageObject'>\n\t\t\t\t\t\t\t<span itemprop='url'>https:\/\/vitrine.my-better-job.fr\/wp-content\/uploads\/2024\/07\/logo-MBJ.svg<\/span>\n\t\t\t\t\t\t<\/span>\n\t\t\t\t<\/span><span class='av-structured-data'  itemprop=\"author\" itemscope=\"itemscope\" itemtype=\"https:\/\/schema.org\/Person\" ><span itemprop='name'>admin<\/span><\/span><span class='av-structured-data'  itemprop=\"datePublished\" datetime=\"2024-06-20T15:38:22+00:00\" >2024-07-02 08:01:48<\/span><span class='av-structured-data'  itemprop=\"dateModified\" itemtype=\"https:\/\/schema.org\/dateModified\" >2024-07-03 09:02:14<\/span><span class='av-structured-data'  itemprop=\"mainEntityOfPage\" itemtype=\"https:\/\/schema.org\/mainEntityOfPage\" ><span itemprop='name'>Comment My-Better-Job r\u00e9volutionne le recrutement en entreprise ?<\/span><\/span><\/span><\/article><article class='slide-entry flex_column  post-entry post-entry-297 slide-entry-overview slide-loop-3 slide-parity-odd  post-entry-last  av_one_third  real-thumbnail posttype-post post-format-standard'  itemscope=\"itemscope\" itemtype=\"https:\/\/schema.org\/CreativeWork\" ><a href='https:\/\/vitrine.my-better-job.fr\/index.php\/2024\/07\/02\/297\/' data-rel='slide-1' class='slide-image' title='Gestion des comp\u00e9tences et des mobilit\u00e9s sur My-Better-Job.fr'><img decoding=\"async\" width=\"495\" height=\"400\" src=\"https:\/\/vitrine.my-better-job.fr\/wp-content\/uploads\/2024\/07\/Gestion-des-competences-et-des-mobilites-sur-My-Better-Job.fr_-495x400.jpg\" class=\"wp-image-398 avia-img-lazy-loading-not-398 attachment-portfolio size-portfolio wp-post-image\" alt=\"\" srcset=\"https:\/\/vitrine.my-better-job.fr\/wp-content\/uploads\/2024\/07\/Gestion-des-competences-et-des-mobilites-sur-My-Better-Job.fr_-495x400.jpg 495w, https:\/\/vitrine.my-better-job.fr\/wp-content\/uploads\/2024\/07\/Gestion-des-competences-et-des-mobilites-sur-My-Better-Job.fr_-845x684.jpg 845w\" sizes=\"(max-width: 495px) 100vw, 495px\" \/><\/a><div class=\"slide-content\"><header class=\"entry-content-header\"><h3 class='slide-entry-title entry-title '  itemprop=\"headline\" ><a href='https:\/\/vitrine.my-better-job.fr\/index.php\/2024\/07\/02\/297\/' title='Gestion des comp\u00e9tences et des mobilit\u00e9s sur My-Better-Job.fr'>Gestion des comp\u00e9tences et des mobilit\u00e9s sur My-Better-Job.fr<\/a><\/h3><span class=\"av-vertical-delimiter\"><\/span><\/header><div class=\"slide-meta\"><time class='slide-meta-time updated'  itemprop=\"datePublished\" datetime=\"2024-07-02T07:58:47+00:00\" >juillet 2, 2024<\/time><div class=\"slide-meta-del\">\/<\/div><div class=\"slide-meta-comments\"><a href='https:\/\/vitrine.my-better-job.fr\/index.php\/2024\/07\/02\/297\/#respond'>0 Commentaires<\/a><\/div><\/div><div class='slide-entry-excerpt entry-content'  itemprop=\"text\" >\n\n\n\n\n\n\n\n\n\n\n\n<div class=\"read-more-link\"><a href=\"https:\/\/vitrine.my-better-job.fr\/index.php\/2024\/07\/02\/297\/\" class=\"more-link\">Lire la suite<span class=\"more-link-arrow\"><\/span><\/a><\/div><\/div><\/div><footer class=\"entry-footer\"><\/footer><span class='hidden'>\n\t\t\t\t<span class='av-structured-data'  itemprop=\"image\" itemscope=\"itemscope\" itemtype=\"https:\/\/schema.org\/ImageObject\" >\n\t\t\t\t\t\t<span itemprop='url'>https:\/\/vitrine.my-better-job.fr\/wp-content\/uploads\/2024\/07\/Gestion-des-competences-et-des-mobilites-sur-My-Better-Job.fr_.jpg<\/span>\n\t\t\t\t\t\t<span itemprop='height'>1008<\/span>\n\t\t\t\t\t\t<span itemprop='width'>1884<\/span>\n\t\t\t\t<\/span>\n\t\t\t\t<span class='av-structured-data'  itemprop=\"publisher\" itemtype=\"https:\/\/schema.org\/Organization\" itemscope=\"itemscope\" >\n\t\t\t\t\t\t<span itemprop='name'>admin<\/span>\n\t\t\t\t\t\t<span itemprop='logo' itemscope itemtype='https:\/\/schema.org\/ImageObject'>\n\t\t\t\t\t\t\t<span itemprop='url'>https:\/\/vitrine.my-better-job.fr\/wp-content\/uploads\/2024\/07\/logo-MBJ.svg<\/span>\n\t\t\t\t\t\t<\/span>\n\t\t\t\t<\/span><span class='av-structured-data'  itemprop=\"author\" itemscope=\"itemscope\" itemtype=\"https:\/\/schema.org\/Person\" ><span itemprop='name'>admin<\/span><\/span><span class='av-structured-data'  itemprop=\"datePublished\" datetime=\"2024-06-20T15:38:22+00:00\" >2024-07-02 07:58:47<\/span><span class='av-structured-data'  itemprop=\"dateModified\" itemtype=\"https:\/\/schema.org\/dateModified\" >2024-07-03 09:02:20<\/span><span class='av-structured-data'  itemprop=\"mainEntityOfPage\" itemtype=\"https:\/\/schema.org\/mainEntityOfPage\" ><span itemprop='name'>Gestion des comp\u00e9tences et des mobilit\u00e9s sur My-Better-Job.fr<\/span><\/span><\/span><\/article><\/div><\/div><div class='pagination-wrap pagination-slider'><nav class='pagination'><span class='pagination-meta'>Page 1 sur 3<\/span><span class='current'>1<\/span><a href='https:\/\/vitrine.my-better-job.fr\/index.php\/wp-json\/wp\/v2\/pages\/79\/?avia-element-paging=2' class='inactive next_page' >2<\/a><a href='https:\/\/vitrine.my-better-job.fr\/index.php\/wp-json\/wp\/v2\/pages\/79\/?avia-element-paging=3' class='inactive' >3<\/a><\/nav>\n<\/div><\/div>\n","protected":false},"excerpt":{"rendered":"","protected":false},"author":1,"featured_media":408,"parent":0,"menu_order":0,"comment_status":"closed","ping_status":"closed","template":"","meta":{"inline_featured_image":false,"footnotes":""},"class_list":["post-79","page","type-page","status-publish","has-post-thumbnail","hentry"],"_links":{"self":[{"href":"https:\/\/vitrine.my-better-job.fr\/index.php\/wp-json\/wp\/v2\/pages\/79","targetHints":{"allow":["GET"]}}],"collection":[{"href":"https:\/\/vitrine.my-better-job.fr\/index.php\/wp-json\/wp\/v2\/pages"}],"about":[{"href":"https:\/\/vitrine.my-better-job.fr\/index.php\/wp-json\/wp\/v2\/types\/page"}],"author":[{"embeddable":true,"href":"https:\/\/vitrine.my-better-job.fr\/index.php\/wp-json\/wp\/v2\/users\/1"}],"replies":[{"embeddable":true,"href":"https:\/\/vitrine.my-better-job.fr\/index.php\/wp-json\/wp\/v2\/comments?post=79"}],"version-history":[{"count":18,"href":"https:\/\/vitrine.my-better-job.fr\/index.php\/wp-json\/wp\/v2\/pages\/79\/revisions"}],"predecessor-version":[{"id":414,"href":"https:\/\/vitrine.my-better-job.fr\/index.php\/wp-json\/wp\/v2\/pages\/79\/revisions\/414"}],"wp:featuredmedia":[{"embeddable":true,"href":"https:\/\/vitrine.my-better-job.fr\/index.php\/wp-json\/wp\/v2\/media\/408"}],"wp:attachment":[{"href":"https:\/\/vitrine.my-better-job.fr\/index.php\/wp-json\/wp\/v2\/media?parent=79"}],"curies":[{"name":"wp","href":"https:\/\/api.w.org\/{rel}","templated":true}]}}